{"id":410,"date":"2022-03-22T19:14:17","date_gmt":"2022-03-22T18:14:17","guid":{"rendered":"https:\/\/tabularesa.de\/inicio\/"},"modified":"2022-03-30T13:31:14","modified_gmt":"2022-03-30T11:31:14","slug":"inicio","status":"publish","type":"page","link":"http:\/\/tabularesa.de\/es\/","title":{"rendered":"INICIO"},"content":{"rendered":"<div class=\"wpb-content-wrapper\"><p>[vc_row full_width=\u00bbstretch_row\u00bb full_height=\u00bbyes\u00bb parallax=\u00bbcontent-moving\u00bb parallax_image=\u00bb268&#8243; css=\u00bb.vc_custom_1647966613130{margin-bottom: 0px !important;padding-top: 100px !important;}\u00bb][vc_column][vc_row_inner][vc_column_inner width=\u00bb1\/2&#8243; offset=\u00bbvc_hidden-xs\u00bb][vc_column_text el_class=\u00bbwhite\u00bb]<\/p>\n<h1>El complemento perfecto<br \/>\npara su sistema de caja registradora<\/h1>\n<p>[\/vc_column_text][vc_column_text el_class=\u00bbwhite\u00bb]<\/p>\n<h4>Utiliza tabularesa y presenta tu restaurante desde la mejor cara, organiza todo hasta el \u00faltimo detalle y aumenta tus ventas.<\/h4>\n<p><i class=\"fa fa-hand-point-up\"><\/i> Autopedidos<br \/>\n<i class=\"fa fa-truck\"><\/i> \u00d3rdenes de entrega<br \/>\n<i class=\"fa fa-parachute-box\"><\/i> Pedidos para llevar<br \/>\n<i class=\"fa fa-globe\"><\/i> Reserva en l\u00ednea<br \/>\n<i class=\"fa fa-bars\"><\/i> Men\u00fa electr\u00f3nico<br \/>\n<i class=\"fa fa-laptop-code\"><\/i> Presencia profesional en la web<br \/>\n<i class=\"fa fa-percent\"><\/i> No hay costes relacionados con la rotaci\u00f3n[\/vc_column_text][\/vc_column_inner][vc_column_inner width=\u00bb1\/2&#8243; offset=\u00bbvc_hidden-xs\u00bb][vc_single_image image=\u00bb283&#8243; img_size=\u00bbfull\u00bb][\/vc_column_inner][\/vc_row_inner][vc_row_inner][vc_column_inner width=\u00bb1\/2&#8243; offset=\u00bbvc_hidden-lg vc_hidden-md vc_hidden-sm\u00bb][vc_column_text el_class=\u00bbwhite\u00bb]<\/p>\n<h1>El complemento perfecto<br \/>\npara su sistema de caja registradora<\/h1>\n<p>[\/vc_column_text][vc_single_image image=\u00bb283&#8243; img_size=\u00bbfull\u00bb][vc_column_text el_class=\u00bbwhite\u00bb]<\/p>\n<h4>Utiliza tabularesa y presenta tu restaurante desde la mejor cara, organiza todo hasta el \u00faltimo detalle y aumenta tus ventas.<\/h4>\n<p><i class=\"fa fa-hand-point-up\"><\/i> Autopedidos<br \/>\n<i class=\"fa fa-truck\"><\/i> \u00d3rdenes de entrega<br \/>\n<i class=\"fa fa-parachute-box\"><\/i> Pedidos para llevar<br \/>\n<i class=\"fa fa-globe\"><\/i> Reserva en l\u00ednea<br \/>\n<i class=\"fa fa-bars\"><\/i> Men\u00fa electr\u00f3nico<br \/>\n<i class=\"fa fa-laptop-code\"><\/i> Presencia profesional en la web<br \/>\n<i class=\"fa fa-percent\"><\/i> No hay costes relacionados con la rotaci\u00f3n[\/vc_column_text][\/vc_column_inner][vc_column_inner width=\u00bb1\/2&#8243; offset=\u00bbvc_hidden-lg vc_hidden-md vc_hidden-sm vc_hidden-xs\u00bb][\/vc_column_inner][\/vc_row_inner][\/vc_column][\/vc_row][vc_row full_height=\u00bbyes\u00bb el_id=\u00bbventajas\u00bb][vc_column][vc_row_inner][vc_column_inner][vc_column_text]<\/p>\n<h2 style=\"text-align: center;\">6 razones por las que deber\u00edas<br \/>\ndebe trabajar con tabularesa<\/h2>\n<p>[\/vc_column_text][\/vc_column_inner][\/vc_row_inner][vc_row_inner][vc_column_inner width=\u00bb1\/5&#8243;][\/vc_column_inner][vc_column_inner width=\u00bb1\/5&#8243;][vc_icon icon_fontawesome=\u00bbfas fa-chart-line\u00bb color=\u00bbcustom\u00bb size=\u00bblg\u00bb align=\u00bbcenter\u00bb custom_color=\u00bb#193349&#8243; css=\u00bb.vc_custom_1648122929596{margin-bottom: 0px !important;}\u00bb][vc_column_text]<\/p>\n<p style=\"text-align: center;\">Aumente sus ingresos con el men\u00fa electr\u00f3nico<\/p>\n<p>[\/vc_column_text][\/vc_column_inner][vc_column_inner width=\u00bb1\/5&#8243;][vc_icon icon_fontawesome=\u00bbfas fa-truck\u00bb color=\u00bbcustom\u00bb size=\u00bblg\u00bb align=\u00bbcenter\u00bb custom_color=\u00bb#193349&#8243; css=\u00bb.vc_custom_1648123638820{margin-bottom: 0px !important;}\u00bb][vc_column_text]<\/p>\n<p style=\"text-align: center;\">Maximice sus ingresos por pedidos con el servicio de entrega y recogida, todo ello sin comisiones*.<\/p>\n<p>[\/vc_column_text][\/vc_column_inner][vc_column_inner width=\u00bb1\/5&#8243;][vc_icon icon_fontawesome=\u00bbfar fa-clock\u00bb color=\u00bbcustom\u00bb size=\u00bblg\u00bb align=\u00bbcenter\u00bb custom_color=\u00bb#193349&#8243; css=\u00bb.vc_custom_1648123668959{margin-bottom: 0px !important;}\u00bb][vc_column_text]<\/p>\n<p style=\"text-align: center;\">M\u00e1xima comodidad y servicio para sus clientes a trav\u00e9s de la reserva 24\/7<\/p>\n<p>[\/vc_column_text][\/vc_column_inner][vc_column_inner width=\u00bb1\/5&#8243;][\/vc_column_inner][\/vc_row_inner][vc_row_inner][vc_column_inner width=\u00bb1\/5&#8243;][\/vc_column_inner][vc_column_inner width=\u00bb1\/5&#8243;][vc_icon icon_fontawesome=\u00bbfar fa-file-alt\u00bb color=\u00bbcustom\u00bb size=\u00bblg\u00bb align=\u00bbcenter\u00bb custom_color=\u00bb#193349&#8243; css=\u00bb.vc_custom_1648123743761{margin-bottom: 0px !important;}\u00bb][vc_column_text]<\/p>\n<p class=\"p1\">Reducci\u00f3n de la carga de trabajo del personal con el men\u00fa electr\u00f3nico<\/p>\n<p>[\/vc_column_text][\/vc_column_inner][vc_column_inner width=\u00bb1\/5&#8243;][vc_icon icon_fontawesome=\u00bbfas fa-coins\u00bb color=\u00bbcustom\u00bb size=\u00bblg\u00bb align=\u00bbcenter\u00bb custom_color=\u00bb#193349&#8243; css=\u00bb.vc_custom_1648123710078{margin-bottom: 0px !important;}\u00bb][vc_column_text]<\/p>\n<p style=\"text-align: center;\">Hasta un 30% de ahorro en costes de personal: se elimina la aceptaci\u00f3n de pedidos y reservas<\/p>\n<p>[\/vc_column_text][\/vc_column_inner][vc_column_inner width=\u00bb1\/5&#8243;][vc_icon icon_fontawesome=\u00bbfas fa-chalkboard-teacher\u00bb color=\u00bbcustom\u00bb size=\u00bblg\u00bb align=\u00bbcenter\u00bb custom_color=\u00bb#193349&#8243; css=\u00bb.vc_custom_1648123732938{margin-bottom: 0px !important;}\u00bb][vc_column_text]<\/p>\n<p style=\"text-align: center;\">Profesionalizaci\u00f3n y digitalizaci\u00f3n de su empresa<\/p>\n<p>[\/vc_column_text][\/vc_column_inner][vc_column_inner width=\u00bb1\/5&#8243;][\/vc_column_inner][\/vc_row_inner][vc_row_inner][vc_column_inner][vc_column_text]<\/p>\n<p class=\"p1\" style=\"text-align: center;\">*Se aplican las tarifas habituales de su proveedor de servicios de pago<\/p>\n<p>[\/vc_column_text][\/vc_column_inner][\/vc_row_inner][\/vc_column][\/vc_row][vc_row full_width=\u00bbstretch_row\u00bb css=\u00bb.vc_custom_1648639804695{padding-top: 0px !important;padding-bottom: 0px !important;background-color: #18a8c3 !important;}\u00bb][vc_column][vc_row_inner el_id=\u00bbwebseite-speisekarte\u00bb css=\u00bb.vc_custom_1648638827478{padding-top: 50px !important;}\u00bb][vc_column_inner width=\u00bb1\/2&#8243; offset=\u00bbvc_hidden-xs\u00bb][vc_column_text]<\/p>\n<h2>SITIO WEB Y MEN\u00da ELECTR\u00d3NICO<\/h2>\n<p class=\"p1\"><strong>Profesional y adaptable en todo momento<\/strong><\/p>\n<p class=\"p1\">Sin un dise\u00f1o elaborado, usted proporciona a sus clientes toda la informaci\u00f3n importante en su sitio web responsivo: Horario de apertura, galer\u00eda, comida y bebida y datos de contacto.<\/p>\n<p>[\/vc_column_text][vc_column_text]<\/p>\n<p class=\"p1\">Con un funcionamiento intuitivo e integrado en su sitio web profesional, podr\u00e1 poner su men\u00fa a disposici\u00f3n de sus clientes a diario. Simplemente transfiera los art\u00edculos (alimentos y bebidas) desde su sistema POS. Sin costes de impresi\u00f3n, sin papel, flexible, disponible en cualquier momento y adecuado para su restaurante.<\/p>\n<p>[\/vc_column_text][\/vc_column_inner][vc_column_inner width=\u00bb1\/2&#8243; offset=\u00bbvc_hidden-xs\u00bb][vc_single_image image=\u00bb311&#8243; img_size=\u00bbfull\u00bb][\/vc_column_inner][\/vc_row_inner][vc_row_inner el_id=\u00bbwebseite-speisekarte\u00bb css=\u00bb.vc_custom_1648639349103{padding-top: 0px !important;}\u00bb][vc_column_inner width=\u00bb1\/2&#8243; offset=\u00bbvc_hidden-lg vc_hidden-md vc_hidden-sm\u00bb][vc_column_text]<\/p>\n<h2>SITIO WEB Y MEN\u00da ELECTR\u00d3NICO<\/h2>\n<p class=\"p1\"><strong>Profesional y adaptable en todo momento<\/strong><\/p>\n<p>[\/vc_column_text][vc_single_image image=\u00bb311&#8243; img_size=\u00bbfull\u00bb][vc_column_text]<\/p>\n<p class=\"p1\">Sin un dise\u00f1o elaborado, usted proporciona a sus clientes toda la informaci\u00f3n importante en su sitio web responsivo: Horario de apertura, galer\u00eda, comida y bebida y datos de contacto.<\/p>\n<p>[\/vc_column_text][vc_column_text]<\/p>\n<p class=\"p1\">Con un funcionamiento intuitivo e integrado en su sitio web profesional, podr\u00e1 poner su men\u00fa a disposici\u00f3n de sus clientes a diario. Simplemente transfiera los art\u00edculos (alimentos y bebidas) desde su sistema POS. Sin costes de impresi\u00f3n, sin papel, flexible, disponible en cualquier momento y adecuado para su restaurante.<\/p>\n<p>[\/vc_column_text][\/vc_column_inner][vc_column_inner width=\u00bb1\/2&#8243; offset=\u00bbvc_hidden-lg vc_hidden-md vc_hidden-sm vc_hidden-xs\u00bb][\/vc_column_inner][\/vc_row_inner][vc_row_inner el_id=\u00bbreservierung\u00bb][vc_column_inner width=\u00bb1\/2&#8243; offset=\u00bbvc_hidden-xs\u00bb][vc_single_image image=\u00bb304&#8243; img_size=\u00bbfull\u00bb][\/vc_column_inner][vc_column_inner width=\u00bb1\/2&#8243; offset=\u00bbvc_hidden-xs\u00bb][vc_column_text]<\/p>\n<h2>OPTIMIZAR LA UTILIZACI\u00d3N DE LA CAPACIDAD DE SU NEGOCIO DE RESTAURANTE<\/h2>\n<p class=\"p1\"><strong>Reserva en l\u00ednea con plan de asientos integrado <\/strong><\/p>\n<p class=\"p1\">La reserva digital de mesas permite una mejor visi\u00f3n de conjunto y le ayuda a perfeccionar la utilizaci\u00f3n de su establecimiento. Cuantas m\u00e1s mesas se ocupen, m\u00e1s beneficios para su Restaurante.<\/p>\n<p>Sus clientes pueden hacer reservas las 24 horas del d\u00eda. Se enviar\u00e1 una confirmaci\u00f3n de la reserva o la cancelaci\u00f3n a sus clientes por correo o mensaj\u00e9 de texto.[\/vc_column_text][\/vc_column_inner][\/vc_row_inner][vc_row_inner][vc_column_inner offset=\u00bbvc_hidden-lg vc_hidden-md vc_hidden-sm\u00bb][vc_column_text]<\/p>\n<h2>OPTIMIZAR LA UTILIZACI\u00d3N DE LA CAPACIDAD DE SU NEGOCIO DE RESTAURANTE<\/h2>\n<p class=\"p1\"><strong>Reserva en l\u00ednea con plan de asientos integrado <\/strong><\/p>\n<p>[\/vc_column_text][vc_single_image image=\u00bb304&#8243; img_size=\u00bbfull\u00bb][vc_column_text]<\/p>\n<p class=\"p1\">La reserva digital de mesas permite una mejor visi\u00f3n de conjunto y le ayuda a perfeccionar la utilizaci\u00f3n de su establecimiento. Cuantas m\u00e1s mesas se ocupen, m\u00e1s beneficios para su Restaurante.<\/p>\n<p>Sus clientes pueden hacer reservas las 24 horas del d\u00eda. Se enviar\u00e1 una confirmaci\u00f3n de la reserva o la cancelaci\u00f3n a sus clientes por correo o mensaj\u00e9 de texto.[\/vc_column_text][\/vc_column_inner][\/vc_row_inner][vc_row_inner el_id=\u00bbbestellung\u00bb][vc_column_inner width=\u00bb1\/2&#8243; offset=\u00bbvc_hidden-xs\u00bb][vc_column_text]<\/p>\n<h2>AUMENTAR SUS INGRESOS<\/h2>\n<p class=\"p1\"><strong>Digitalizaci\u00f3n de su proceso de pedido <\/strong><\/p>\n<p class=\"p1\">Pedidos en el lugar, para llevar o de entrega. Aumente la calidad de su servicio y utilice canales de venta adicionales para sus clientes. Ya sea en un restaurante, en la comida para llevar o entregar, un pedido extra siempre aumenta sus ingresos.<\/p>\n<p>No importa cu\u00e1ndo ni d\u00f3nde, sus clientes tienen sus pedidos en sus propias manos. El pedido a trav\u00e9s de su propio smartphone en el lugar, o para los pedidos a domicilio, funciona de forma f\u00e1cil y r\u00e1pida. En el panel de informes de Tabularesa, siempre tendr\u00e1 una visi\u00f3n general de todas las cifras clave.<\/p>\n<p>[\/vc_column_text][\/vc_column_inner][vc_column_inner width=\u00bb1\/2&#8243; offset=\u00bbvc_hidden-xs\u00bb][vc_single_image image=\u00bb308&#8243; img_size=\u00bbfull\u00bb alignment=\u00bbright\u00bb][\/vc_column_inner][\/vc_row_inner][vc_row_inner css=\u00bb.vc_custom_1648638611120{padding-bottom: 0px !important;}\u00bb][vc_column_inner offset=\u00bbvc_hidden-lg vc_hidden-md vc_hidden-sm\u00bb][vc_column_text]<\/p>\n<h2>AUMENTAR SUS INGRESOS<\/h2>\n<p class=\"p1\"><strong>Digitalizaci\u00f3n de su proceso de pedido <\/strong><\/p>\n<p>[\/vc_column_text][vc_single_image image=\u00bb308&#8243; img_size=\u00bbfull\u00bb alignment=\u00bbright\u00bb][vc_column_text]<\/p>\n<p class=\"p1\">Pedidos en el lugar, para llevar o de entrega. Aumente la calidad de su servicio y utilice canales de venta adicionales para sus clientes. Ya sea en un restaurante, en la comida para llevar o entregar, un pedido extra siempre aumenta sus ingresos.<\/p>\n<p>No importa cu\u00e1ndo ni d\u00f3nde, sus clientes tienen sus pedidos en sus propias manos. El pedido a trav\u00e9s de su propio smartphone en el sitio, o para los pedidos a domicilio, funciona de forma f\u00e1cil y r\u00e1pida. En el panel de informes de tabularesa, siempre tendr\u00e1 una visi\u00f3n general de todas las cifras clave.[\/vc_column_text][\/vc_column_inner][\/vc_row_inner][vc_separator color=\u00bbcustom\u00bb border_width=\u00bb4&#8243; el_width=\u00bb50&#8243; accent_color=\u00bbrgba(0,0,0,0)\u00bb][vc_row_inner css=\u00bb.vc_custom_1648140226265{padding-bottom: -50px !important;}\u00bb][vc_column_inner][vc_column_text]<\/p>\n<h2 class=\"p1\" style=\"text-align: center;\"><b>tabularesa PUEDE HACER M\u00c1S<\/b><\/h2>\n<p class=\"p3\" style=\"text-align: center;\">Esto incluye un completo sistema de informaci\u00f3n,<br \/>\nuna planificaci\u00f3n de eventos, un sistema de tickets, listas de contactos<br \/>\ny mucho m\u00e1s&#8230; Cont\u00e1ctenos!<\/p>\n<p>[\/vc_column_text][\/vc_column_inner][\/vc_row_inner][\/vc_column][\/vc_row][vc_row full_width=\u00bbstretch_row\u00bb disable_element=\u00bbyes\u00bb css=\u00bb.vc_custom_1648195180733{padding-top: 100px !important;padding-bottom: 60px !important;}\u00bb][vc_column][vc_row_inner][vc_column_inner width=\u00bb1\/4&#8243;][\/vc_column_inner][vc_column_inner width=\u00bb1\/2&#8243;][vc_column_text]<\/p>\n<h2 class=\"p1\" style=\"text-align: center;\"><b>Preguntas frecuentes (FAQ)<\/b><\/h2>\n<p>[\/vc_column_text][vc_toggle title=\u00bbMi tipo de operaci\u00f3n no est\u00e1 en la lista, \u00bfpuedo seguir utilizando tabularesa?\u00bb]Trabajamos con cualquier tipo de negocio de gastronom\u00eda.<br \/>\nEn una conversaci\u00f3n podemos aclarar si sus requisitos coinciden con la tabularesa.[\/vc_toggle][vc_toggle title=\u00bb\u00bfPuedo reservar m\u00f3dulos individuales con ustedes?\u00bb]En principio, tambi\u00e9n se pueden reservar m\u00f3dulos individuales, como la p\u00e1gina web y el men\u00fa digital. Especialmente en el caso de las tiendas m\u00e1s peque\u00f1as que tienen muchos clientes sin cita previa, a menudo no necesitan un sistema de reservas o un sistema de pedidos.[\/vc_toggle][\/vc_column_inner][vc_column_inner width=\u00bb1\/4&#8243;][\/vc_column_inner][\/vc_row_inner][\/vc_column][\/vc_row][vc_row full_width=\u00bbstretch_row\u00bb css=\u00bb.vc_custom_1648208844708{margin-bottom: -20px !important;padding-top: 100px !important;padding-bottom: 60px !important;background-color: #ef8e62 !important;}\u00bb el_id=\u00bbContacto\u00bb][vc_column][vc_row_inner][vc_column_inner][vc_column_text]<\/p>\n<h3 class=\"p3\" style=\"text-align: center; font-size: 50px; line-height: 50px; font-weight: bold; letter-spacing: 0px;\"><span style=\"color: #ffffff;\"><b>Cont\u00e1ctenos!<\/b><\/span><\/h3>\n<p class=\"p3\" style=\"text-align: center;\"><span style=\"color: #ffffff;\"><a style=\"color: #ffffff; font-size: 2.5em; font-weight: bold;\" href=\"tel:+4922167770042\"><i class=\"fa fa-phone\"><\/i> 0221 67770042 <\/a><br \/>\n<a style=\"color: #ffffff;\" href=\"mailto:info@tabularesa.de\">o escr\u00edbenos un mensaje<\/a><br \/>\n<\/span><\/p>\n<p>[\/vc_column_text][\/vc_column_inner][\/vc_row_inner][vc_row_inner][vc_column_inner width=\u00bb1\/4&#8243;][\/vc_column_inner][vc_column_inner width=\u00bb1\/2&#8243;]\n<div class=\"wpcf7 no-js\" id=\"wpcf7-f423-o1\" lang=\"es-ES\" dir=\"ltr\" data-wpcf7-id=\"423\">\n<div class=\"screen-reader-response\"><p role=\"status\" aria-live=\"polite\" aria-atomic=\"true\"><\/p> <ul><\/ul><\/div>\n<form action=\"\/es\/wp-json\/wp\/v2\/pages\/410#wpcf7-f423-o1\" method=\"post\" class=\"wpcf7-form init\" aria-label=\"Formulario de contacto\" novalidate=\"novalidate\" data-status=\"init\">\n<fieldset class=\"hidden-fields-container\"><input type=\"hidden\" name=\"_wpcf7\" value=\"423\" \/><input type=\"hidden\" name=\"_wpcf7_version\" value=\"6.1.5\" \/><input type=\"hidden\" name=\"_wpcf7_locale\" value=\"es_ES\" \/><input type=\"hidden\" name=\"_wpcf7_unit_tag\" value=\"wpcf7-f423-o1\" \/><input type=\"hidden\" name=\"_wpcf7_container_post\" value=\"0\" \/><input type=\"hidden\" name=\"_wpcf7_posted_data_hash\" value=\"\" \/>\n<\/fieldset>\n<p><label> T\u00edtulo<br \/>\n<span class=\"wpcf7-form-control-wrap\" data-name=\"radio-292\"><span class=\"wpcf7-form-control wpcf7-radio\"><span class=\"wpcf7-list-item first\"><label><input type=\"radio\" name=\"radio-292\" value=\"Sr.\" checked=\"checked\" \/><span class=\"wpcf7-list-item-label\">Sr.<\/span><\/label><\/span><span class=\"wpcf7-list-item\"><label><input type=\"radio\" name=\"radio-292\" value=\"Sra.\" \/><span class=\"wpcf7-list-item-label\">Sra.<\/span><\/label><\/span><span class=\"wpcf7-list-item last\"><label><input type=\"radio\" name=\"radio-292\" value=\"Sin T\u00edtulo\" \/><span class=\"wpcf7-list-item-label\">Sin T\u00edtulo<\/span><\/label><\/span><\/span><\/span> <\/label>\n<\/p>\n<p><label> Su nombre<br \/>\n<span class=\"wpcf7-form-control-wrap\" data-name=\"your-name\"><input size=\"40\" maxlength=\"400\" class=\"wpcf7-form-control wpcf7-text wpcf7-validates-as-required\" aria-required=\"true\" aria-invalid=\"false\" value=\"\" type=\"text\" name=\"your-name\" \/><\/span> <\/label>\n<\/p>\n<p><label> Su correo electr\u00f3nico<br \/>\n<span class=\"wpcf7-form-control-wrap\" data-name=\"your-email\"><input size=\"40\" maxlength=\"400\" class=\"wpcf7-form-control wpcf7-email wpcf7-validates-as-required wpcf7-text wpcf7-validates-as-email\" aria-required=\"true\" aria-invalid=\"false\" value=\"\" type=\"email\" name=\"your-email\" \/><\/span> <\/label>\n<\/p>\n<p><label> Su n\u00famero de tel\u00e9fono<br \/>\n<span class=\"wpcf7-form-control-wrap\" data-name=\"tel-430\"><input size=\"40\" maxlength=\"400\" class=\"wpcf7-form-control wpcf7-tel wpcf7-text wpcf7-validates-as-tel\" aria-invalid=\"false\" value=\"\" type=\"tel\" name=\"tel-430\" \/><\/span> <\/label>\n<\/p>\n<p><label> \u00bfD\u00f3nde se debe utilizar tabularesa?<br \/>\n<span class=\"wpcf7-form-control-wrap\" data-name=\"menu-170\"><select class=\"wpcf7-form-control wpcf7-select\" aria-invalid=\"false\" name=\"menu-170\"><option value=\"Por favor, elija\">Por favor, elija<\/option><option value=\"Restaurante\">Restaurante<\/option><option value=\"Restaurante de comida r\u00e1pida\">Restaurante de comida r\u00e1pida<\/option><option value=\"Bar\">Bar<\/option><option value=\"Caf\u00e9\">Caf\u00e9<\/option><option value=\"Imbiss\">Imbiss<\/option><option value=\"Hotel\">Hotel<\/option><option value=\"Cadena\/franquicia\">Cadena\/franquicia<\/option><option value=\"No est\u00e1 en la lista\">No est\u00e1 en la lista<\/option><\/select><\/span> <\/label>\n<\/p>\n<p><label> Informaci\u00f3n adicional (opcional)<br \/>\n<span class=\"wpcf7-form-control-wrap\" data-name=\"your-message\"><input size=\"40\" maxlength=\"400\" class=\"wpcf7-form-control wpcf7-text\" aria-invalid=\"false\" value=\"\" type=\"text\" name=\"your-message\" \/><\/span> <\/label>\n<\/p>\n<p><input class=\"wpcf7-form-control wpcf7-submit has-spinner\" type=\"submit\" value=\"Senden\" \/>\n<\/p><div class=\"wpcf7-response-output\" aria-hidden=\"true\"><\/div>\n<\/form>\n<\/div>\n[\/vc_column_inner][vc_column_inner width=\u00bb1\/4&#8243;][\/vc_column_inner][\/vc_row_inner][\/vc_column][\/vc_row]<\/p>\n<\/div>","protected":false},"excerpt":{"rendered":"<p>[vc_row full_width=\u00bbstretch_row\u00bb full_height=\u00bbyes\u00bb parallax=\u00bbcontent-moving\u00bb parallax_image=\u00bb268&#8243; css=\u00bb.vc_custom_1647966613130{margin-bottom: 0px !important;padding-top: 100px !important;}\u00bb][vc_column][vc_row_inner][vc_column_inner width=\u00bb1\/2&#8243; offset=\u00bbvc_hidden-xs\u00bb][vc_column_text el_class=\u00bbwhite\u00bb] El complemento perfecto para su sistema de caja registradora [\/vc_column_text][vc_column_text el_class=\u00bbwhite\u00bb] Utiliza tabularesa<span class=\"excerpt-hellip\"> [\u2026]<\/span><\/p>\n","protected":false},"author":1,"featured_media":0,"parent":0,"menu_order":0,"comment_status":"closed","ping_status":"closed","template":"","meta":{"inline_featured_image":false,"footnotes":""},"class_list":["post-410","page","type-page","status-publish","hentry"],"yoast_head":"<!-- This site is optimized with the Yoast SEO plugin v27.4 - https:\/\/yoast.com\/product\/yoast-seo-wordpress\/ -->\n<title>INICIO - tabularesa<\/title>\n<meta name=\"robots\" content=\"index, follow, max-snippet:-1, max-image-preview:large, max-video-preview:-1\" \/>\n<link rel=\"canonical\" href=\"http:\/\/tabularesa.de\/es\/\" \/>\n<meta property=\"og:locale\" content=\"es_ES\" \/>\n<meta property=\"og:type\" content=\"article\" \/>\n<meta property=\"og:title\" content=\"INICIO - tabularesa\" \/>\n<meta property=\"og:description\" content=\"[vc_row full_width=\u00bbstretch_row\u00bb full_height=\u00bbyes\u00bb parallax=\u00bbcontent-moving\u00bb parallax_image=\u00bb268&#8243; css=\u00bb.vc_custom_1647966613130{margin-bottom: 0px !important;padding-top: 100px !important;}\u00bb][vc_column][vc_row_inner][vc_column_inner width=\u00bb1\/2&#8243; offset=\u00bbvc_hidden-xs\u00bb][vc_column_text el_class=\u00bbwhite\u00bb] El complemento perfecto para su sistema de caja registradora [\/vc_column_text][vc_column_text el_class=\u00bbwhite\u00bb] Utiliza tabularesa [\u2026]\" \/>\n<meta property=\"og:url\" content=\"http:\/\/tabularesa.de\/es\/\" \/>\n<meta property=\"og:site_name\" content=\"tabularesa\" \/>\n<meta property=\"article:modified_time\" content=\"2022-03-30T11:31:14+00:00\" \/>\n<meta name=\"twitter:card\" content=\"summary_large_image\" \/>\n<meta name=\"twitter:label1\" content=\"Tiempo de lectura\" \/>\n\t<meta name=\"twitter:data1\" content=\"7 minutos\" \/>\n<script type=\"application\/ld+json\" class=\"yoast-schema-graph\">{\"@context\":\"https:\\\/\\\/schema.org\",\"@graph\":[{\"@type\":\"WebPage\",\"@id\":\"http:\\\/\\\/tabularesa.de\\\/es\\\/\",\"url\":\"http:\\\/\\\/tabularesa.de\\\/es\\\/\",\"name\":\"INICIO - tabularesa\",\"isPartOf\":{\"@id\":\"https:\\\/\\\/tabularesa.de\\\/#website\"},\"datePublished\":\"2022-03-22T18:14:17+00:00\",\"dateModified\":\"2022-03-30T11:31:14+00:00\",\"breadcrumb\":{\"@id\":\"http:\\\/\\\/tabularesa.de\\\/es\\\/#breadcrumb\"},\"inLanguage\":\"es\",\"potentialAction\":[{\"@type\":\"ReadAction\",\"target\":[\"http:\\\/\\\/tabularesa.de\\\/es\\\/\"]}]},{\"@type\":\"BreadcrumbList\",\"@id\":\"http:\\\/\\\/tabularesa.de\\\/es\\\/#breadcrumb\",\"itemListElement\":[{\"@type\":\"ListItem\",\"position\":1,\"name\":\"Startseite\",\"item\":\"http:\\\/\\\/tabularesa.de\\\/es\\\/\"},{\"@type\":\"ListItem\",\"position\":2,\"name\":\"INICIO\"}]},{\"@type\":\"WebSite\",\"@id\":\"https:\\\/\\\/tabularesa.de\\\/#website\",\"url\":\"https:\\\/\\\/tabularesa.de\\\/\",\"name\":\"tabularesa\",\"description\":\"Das perfekte Add-on f\u00fcr Ihr Kassensystem\",\"potentialAction\":[{\"@type\":\"SearchAction\",\"target\":{\"@type\":\"EntryPoint\",\"urlTemplate\":\"https:\\\/\\\/tabularesa.de\\\/?s={search_term_string}\"},\"query-input\":{\"@type\":\"PropertyValueSpecification\",\"valueRequired\":true,\"valueName\":\"search_term_string\"}}],\"inLanguage\":\"es\"}]}<\/script>\n<!-- \/ Yoast SEO plugin. -->","yoast_head_json":{"title":"INICIO - tabularesa","robots":{"index":"index","follow":"follow","max-snippet":"max-snippet:-1","max-image-preview":"max-image-preview:large","max-video-preview":"max-video-preview:-1"},"canonical":"http:\/\/tabularesa.de\/es\/","og_locale":"es_ES","og_type":"article","og_title":"INICIO - tabularesa","og_description":"[vc_row full_width=\u00bbstretch_row\u00bb full_height=\u00bbyes\u00bb parallax=\u00bbcontent-moving\u00bb parallax_image=\u00bb268&#8243; css=\u00bb.vc_custom_1647966613130{margin-bottom: 0px !important;padding-top: 100px !important;}\u00bb][vc_column][vc_row_inner][vc_column_inner width=\u00bb1\/2&#8243; offset=\u00bbvc_hidden-xs\u00bb][vc_column_text el_class=\u00bbwhite\u00bb] El complemento perfecto para su sistema de caja registradora [\/vc_column_text][vc_column_text el_class=\u00bbwhite\u00bb] Utiliza tabularesa [\u2026]","og_url":"http:\/\/tabularesa.de\/es\/","og_site_name":"tabularesa","article_modified_time":"2022-03-30T11:31:14+00:00","twitter_card":"summary_large_image","twitter_misc":{"Tiempo de lectura":"7 minutos"},"schema":{"@context":"https:\/\/schema.org","@graph":[{"@type":"WebPage","@id":"http:\/\/tabularesa.de\/es\/","url":"http:\/\/tabularesa.de\/es\/","name":"INICIO - tabularesa","isPartOf":{"@id":"https:\/\/tabularesa.de\/#website"},"datePublished":"2022-03-22T18:14:17+00:00","dateModified":"2022-03-30T11:31:14+00:00","breadcrumb":{"@id":"http:\/\/tabularesa.de\/es\/#breadcrumb"},"inLanguage":"es","potentialAction":[{"@type":"ReadAction","target":["http:\/\/tabularesa.de\/es\/"]}]},{"@type":"BreadcrumbList","@id":"http:\/\/tabularesa.de\/es\/#breadcrumb","itemListElement":[{"@type":"ListItem","position":1,"name":"Startseite","item":"http:\/\/tabularesa.de\/es\/"},{"@type":"ListItem","position":2,"name":"INICIO"}]},{"@type":"WebSite","@id":"https:\/\/tabularesa.de\/#website","url":"https:\/\/tabularesa.de\/","name":"tabularesa","description":"Das perfekte Add-on f\u00fcr Ihr Kassensystem","potentialAction":[{"@type":"SearchAction","target":{"@type":"EntryPoint","urlTemplate":"https:\/\/tabularesa.de\/?s={search_term_string}"},"query-input":{"@type":"PropertyValueSpecification","valueRequired":true,"valueName":"search_term_string"}}],"inLanguage":"es"}]}},"_links":{"self":[{"href":"http:\/\/tabularesa.de\/es\/wp-json\/wp\/v2\/pages\/410","targetHints":{"allow":["GET"]}}],"collection":[{"href":"http:\/\/tabularesa.de\/es\/wp-json\/wp\/v2\/pages"}],"about":[{"href":"http:\/\/tabularesa.de\/es\/wp-json\/wp\/v2\/types\/page"}],"author":[{"embeddable":true,"href":"http:\/\/tabularesa.de\/es\/wp-json\/wp\/v2\/users\/1"}],"replies":[{"embeddable":true,"href":"http:\/\/tabularesa.de\/es\/wp-json\/wp\/v2\/comments?post=410"}],"version-history":[{"count":22,"href":"http:\/\/tabularesa.de\/es\/wp-json\/wp\/v2\/pages\/410\/revisions"}],"predecessor-version":[{"id":476,"href":"http:\/\/tabularesa.de\/es\/wp-json\/wp\/v2\/pages\/410\/revisions\/476"}],"wp:attachment":[{"href":"http:\/\/tabularesa.de\/es\/wp-json\/wp\/v2\/media?parent=410"}],"curies":[{"name":"wp","href":"https:\/\/api.w.org\/{rel}","templated":true}]}}